{"id":11,"date":"2024-03-22T11:05:19","date_gmt":"2024-03-22T10:05:19","guid":{"rendered":"https:\/\/docstudio.pl\/?page_id=11"},"modified":"2026-03-14T13:59:23","modified_gmt":"2026-03-14T12:59:23","slug":"studio-filmowe-uniwersytet-czlowieka","status":"publish","type":"page","link":"https:\/\/docstudio.pl\/en\/","title":{"rendered":"Studio filmowe Uniwersytet Cz\u0142owieka"},"content":{"rendered":"<div data-elementor-type=\"wp-page\" data-elementor-id=\"11\" class=\"elementor elementor-11\" data-elementor-post-type=\"page\">\n\t\t\t\t<div class=\"elementor-element elementor-element-b8a8b9d e-flex e-con-boxed e-con e-parent\" data-id=\"b8a8b9d\" data-element_type=\"container\" data-e-type=\"container\" data-settings=\"{&quot;background_background&quot;:&quot;classic&quot;}\">\n\t\t\t\t\t<div class=\"e-con-inner\">\n\t\t<div class=\"elementor-element elementor-element-cb28a1f e-con-full e-flex elementor-invisible e-con e-child\" data-id=\"cb28a1f\" data-element_type=\"container\" data-e-type=\"container\" data-settings=\"{&quot;background_background&quot;:&quot;classic&quot;,&quot;animation&quot;:&quot;zoomIn&quot;}\">\n\t\t\t\t<div class=\"elementor-element elementor-element-f96d381 elementor-widget elementor-widget-heading\" data-id=\"f96d381\" data-element_type=\"widget\" data-e-type=\"widget\" data-widget_type=\"heading.default\">\n\t\t\t\t\t<h2 class=\"elementor-heading-title elementor-size-default\">Studio filmowe Uniwersytet Cz\u0142owieka<\/h2>\t\t\t\t<\/div>\n\t\t\t\t<div class=\"elementor-element elementor-element-9cd3361 elementor-widget elementor-widget-text-editor\" data-id=\"9cd3361\" data-element_type=\"widget\" data-e-type=\"widget\" data-widget_type=\"text-editor.default\">\n\t\t\t\t\t\t\t\t\t<p>Studio filmowe Uniwersytet Cz\u0142owieka powsta\u0142o w 2006 roku i zajmuje si\u0119 produkcja filmow\u0105. Zdj\u0119cia do naszych film\u00f3w realizowali\u015bmy praktycznie na ca\u0142ym \u015bwiecie, m.in. w USA, Mo\u0142dawii, Kenii, Tanzanii, Egipcie, Malawi, Gruzji, Rosji, Ukrainie, Izraelu, Strefie Gazy.<\/p><p>Nasze filmy by\u0142y emitowanie m.in. w TVP1, TVP2, TVP Dokument, Canale Plus. Przy dofinansowaniu Polskiego Instytutu Sztuki Filmowej wyprodukowali\u015bmy film o nielegalnym handlu organami na \u015bwieci pt. \u201eMITZVAH\u201d. Film otrzyma\u0142 wiele nagr\u00f3d: Grand Prix dla najlepszego polskiego filmu na Mi\u0119dzynarodowym Festiwalu Filmowym HumanDoc w Warszawie, Nagroda International Organization for Migration in Moldowa w Kiszyniowie, Nagroda im. Kazimierza Dziewanowskiego za najlepsz\u0105 \u201epublikacj\u0119\u201d o problemach i wydarzeniach na \u015bwiecie.<\/p><p>W 2012 roku rozpocz\u0119li\u015bmy prace nad seri\u0105 film\u00f3w pt. \u201ePRZYJA\u0179\u0143 W CIENIU KREMLA\u201d po\u015bwi\u0119conych imperialnej polityce Rosji. Zaowocowa\u0142o to powstaniem dw\u00f3ch film\u00f3w dokumentalnych. Pierwszy produkcja dotyczy\u0142a wojny w Gruzji pt. \u201e PRZYJA\u0179\u0143 W CIENIU KREMLA. DZISIAJ GRUZJA\u201d z premier\u0105 w 2017 roku. Drugi film pt. \u201e PRZYJA\u0179\u0143 W CIENIU KREMLA. JUTRO UKRAINA\u201d z premier\u0105 w 2018 r. dotyczy\u0142 wojny na Ukrainie, a w szczeg\u00f3lno\u015bci zbrodniom rosyjskim na Wschodniej Ukrainie w 2014 rok.<\/p><p>W ramach wyprawy os\u00f3b niepe\u0142nosprawnych na Kilimand\u017caro zrealizowali\u015bmy pe\u0142nometra\u017cowy film pt. \u201eKILIMANJARO. WYGRA\u0106 ALBO PRZEGRA\u0106\u201d. Warty uwagi jest film \u201eHALNY. MORFOLOGIA TEMATU\u201d za kt\u00f3ry otrzymali\u015bmy Grand Prix za najlepszy polski film na Krakowskim Festiwalu G\u00f3rskim. W tym filmie odkrywamy przed widzem tajemnic\u0119 wp\u0142yw\u00f3w wiatr\u00f3w fenowych na organizm cz\u0142owieka.<\/p><p>Najnowsza nasza produkcja to film &#8222;Liberator w Ochotnicy&#8221;. Tematem jest nieznana historia\u00a0 bombardowa\u0144 strategicznych niemieckich zak\u0142ad\u00f3w paliw syntetycznych. Skuteczn\u0105 misj\u0119 realizowa\u0142a\u00a0 15 Armia Powietrzna Stan\u00f3w Zjednoczonych podczas II wojny \u015bwiatowej na terenie okupowanej Polski.<\/p>\t\t\t\t\t\t\t\t<\/div>\n\t\t\t\t<\/div>\n\t\t\t\t\t<\/div>\n\t\t\t\t<\/div>\n\t\t<div class=\"elementor-element elementor-element-8c26e90 e-flex e-con-boxed e-con e-parent\" data-id=\"8c26e90\" data-element_type=\"container\" data-e-type=\"container\">\n\t\t\t\t\t<div class=\"e-con-inner\">\n\t\t\t\t<div class=\"elementor-element elementor-element-c4a40fe animated-slow elementor-grid-3 elementor-grid-tablet-2 elementor-grid-mobile-1 elementor-posts--thumbnail-top elementor-card-shadow-yes elementor-posts__hover-gradient elementor-invisible elementor-widget elementor-widget-posts\" data-id=\"c4a40fe\" data-element_type=\"widget\" data-e-type=\"widget\" data-settings=\"{&quot;_animation&quot;:&quot;fadeIn&quot;,&quot;cards_columns&quot;:&quot;3&quot;,&quot;cards_columns_tablet&quot;:&quot;2&quot;,&quot;cards_columns_mobile&quot;:&quot;1&quot;,&quot;cards_row_gap&quot;:{&quot;unit&quot;:&quot;px&quot;,&quot;size&quot;:35,&quot;sizes&quot;:[]},&quot;cards_row_gap_tablet&quot;:{&quot;unit&quot;:&quot;px&quot;,&quot;size&quot;:&quot;&quot;,&quot;sizes&quot;:[]},&quot;cards_row_gap_mobile&quot;:{&quot;unit&quot;:&quot;px&quot;,&quot;size&quot;:&quot;&quot;,&quot;sizes&quot;:[]}}\" data-widget_type=\"posts.cards\">\n\t\t\t\t<div class=\"elementor-widget-container\">\n\t\t\t\t\t\t\t<div class=\"elementor-posts-container elementor-posts elementor-posts--skin-cards elementor-grid\" role=\"list\">\n\t\t\t\t<article class=\"elementor-post elementor-grid-item post-3245 post type-post status-publish format-standard has-post-thumbnail hentry category-fundacja\" role=\"listitem\">\n\t\t\t<div class=\"elementor-post__card\">\n\t\t\t\t<a class=\"elementor-post__thumbnail__link\" href=\"https:\/\/docstudio.pl\/en\/fundacja\/podstawowki-z-miasta\/\" tabindex=\"-1\" ><div class=\"elementor-post__thumbnail\"><img fetchpriority=\"high\" decoding=\"async\" width=\"300\" height=\"204\" src=\"https:\/\/docstudio.pl\/wp-content\/uploads\/2026\/04\/Podst-Miasto-57-1-300x204.jpg\" class=\"attachment-medium size-medium wp-image-3315\" alt=\"\" srcset=\"https:\/\/docstudio.pl\/wp-content\/uploads\/2026\/04\/Podst-Miasto-57-1-300x204.jpg 300w, https:\/\/docstudio.pl\/wp-content\/uploads\/2026\/04\/Podst-Miasto-57-1-1024x696.jpg 1024w, https:\/\/docstudio.pl\/wp-content\/uploads\/2026\/04\/Podst-Miasto-57-1-768x522.jpg 768w, https:\/\/docstudio.pl\/wp-content\/uploads\/2026\/04\/Podst-Miasto-57-1-1536x1044.jpg 1536w, https:\/\/docstudio.pl\/wp-content\/uploads\/2026\/04\/Podst-Miasto-57-1-18x12.jpg 18w, https:\/\/docstudio.pl\/wp-content\/uploads\/2026\/04\/Podst-Miasto-57-1.jpg 1890w\" sizes=\"(max-width: 300px) 100vw, 300px\" \/><\/div><\/a>\n\t\t\t\t<div class=\"elementor-post__badge\">Fundacja<\/div>\n\t\t\t\t<div class=\"elementor-post__text\">\n\t\t\t\t<h3 class=\"elementor-post__title\">\n\t\t\t<a href=\"https:\/\/docstudio.pl\/en\/fundacja\/podstawowki-z-miasta\/\" >\n\t\t\t\tBombowa Za\u0142oga Liberatora &#8222;PODSTAW\u00d3WKI Z MIASTA&#8221;\t\t\t<\/a>\n\t\t<\/h3>\n\t\t\t\t<div class=\"elementor-post__excerpt\">\n\t\t\t<p>\u00a0 \u00a0 \u00a0 \u00a0 \u00a0 \u00a0 \u00a0 \u00a0 \u00a0 \u00a0 \u00a0 \u00a0 BOMBOWA ZA\u0141OGA LIBERATORA PODSTAW\u00d3WKI Z MIASTA Zdj\u0119cia autorstwa Wojciecha Jachymiaka s\u0105 rezultatem sesji fotograficznej<\/p>\n\t\t<\/div>\n\t\t\n\t\t<a class=\"elementor-post__read-more\" href=\"https:\/\/docstudio.pl\/en\/fundacja\/podstawowki-z-miasta\/\" aria-label=\"Read more about Bombowa Za\u0142oga Liberatora &#8222;PODSTAW\u00d3WKI Z MIASTA&#8221;\" tabindex=\"-1\" >\n\t\t\tCzytaj wi\u0119cej \u00bb\t\t<\/a>\n\n\t\t\t\t<\/div>\n\t\t\t\t<div class=\"elementor-post__meta-data\">\n\t\t\t\t\t<span class=\"elementor-post-date\">\n\t\t\tApril 1, 2026\t\t<\/span>\n\t\t\t\t<\/div>\n\t\t\t\t\t<\/div>\n\t\t<\/article>\n\t\t\t\t<article class=\"elementor-post elementor-grid-item post-3180 post type-post status-publish format-standard has-post-thumbnail hentry category-produkcje category-teledyski\" role=\"listitem\">\n\t\t\t<div class=\"elementor-post__card\">\n\t\t\t\t<a class=\"elementor-post__thumbnail__link\" href=\"https:\/\/docstudio.pl\/en\/produkcje\/ernomachina\/\" tabindex=\"-1\" ><div class=\"elementor-post__thumbnail\"><img decoding=\"async\" width=\"300\" height=\"169\" src=\"https:\/\/docstudio.pl\/wp-content\/uploads\/2026\/03\/Teledyslk-Wodospad_01_02_09_24-300x169.jpg\" class=\"attachment-medium size-medium wp-image-3198\" alt=\"\" srcset=\"https:\/\/docstudio.pl\/wp-content\/uploads\/2026\/03\/Teledyslk-Wodospad_01_02_09_24-300x169.jpg 300w, https:\/\/docstudio.pl\/wp-content\/uploads\/2026\/03\/Teledyslk-Wodospad_01_02_09_24-1024x576.jpg 1024w, https:\/\/docstudio.pl\/wp-content\/uploads\/2026\/03\/Teledyslk-Wodospad_01_02_09_24-768x432.jpg 768w, https:\/\/docstudio.pl\/wp-content\/uploads\/2026\/03\/Teledyslk-Wodospad_01_02_09_24-1536x864.jpg 1536w, https:\/\/docstudio.pl\/wp-content\/uploads\/2026\/03\/Teledyslk-Wodospad_01_02_09_24-18x10.jpg 18w, https:\/\/docstudio.pl\/wp-content\/uploads\/2026\/03\/Teledyslk-Wodospad_01_02_09_24.jpg 1920w\" sizes=\"(max-width: 300px) 100vw, 300px\" \/><\/div><\/a>\n\t\t\t\t<div class=\"elementor-post__badge\">Produkcje<\/div>\n\t\t\t\t<div class=\"elementor-post__text\">\n\t\t\t\t<h3 class=\"elementor-post__title\">\n\t\t\t<a href=\"https:\/\/docstudio.pl\/en\/produkcje\/ernomachina\/\" >\n\t\t\t\tETNO MACHINA\t\t\t<\/a>\n\t\t<\/h3>\n\t\t\t\t<div class=\"elementor-post__excerpt\">\n\t\t\t<p>\u00a0 \u00a0 27 marca 2026 odby\u0142a si\u0119 premiera nowej p\u0142yty Joachima Mencla pt. &#8222;ETNO MACHINA&#8221;. Do tego projektu nasze studio filmowe Uniwersytet Cz\u0142owieka Ognik zrealizowa\u0142o dwa<\/p>\n\t\t<\/div>\n\t\t\n\t\t<a class=\"elementor-post__read-more\" href=\"https:\/\/docstudio.pl\/en\/produkcje\/ernomachina\/\" aria-label=\"Read more about ETNO MACHINA\" tabindex=\"-1\" >\n\t\t\tCzytaj wi\u0119cej \u00bb\t\t<\/a>\n\n\t\t\t\t<\/div>\n\t\t\t\t<div class=\"elementor-post__meta-data\">\n\t\t\t\t\t<span class=\"elementor-post-date\">\n\t\t\tMarch 30, 2026\t\t<\/span>\n\t\t\t\t<\/div>\n\t\t\t\t\t<\/div>\n\t\t<\/article>\n\t\t\t\t<article class=\"elementor-post elementor-grid-item post-3153 post type-post status-publish format-standard has-post-thumbnail hentry category-inne category-produkcje\" role=\"listitem\">\n\t\t\t<div class=\"elementor-post__card\">\n\t\t\t\t<a class=\"elementor-post__thumbnail__link\" href=\"https:\/\/docstudio.pl\/en\/produkcje\/skwer-liberator\/\" tabindex=\"-1\" ><div class=\"elementor-post__thumbnail\"><img decoding=\"async\" width=\"225\" height=\"300\" src=\"https:\/\/docstudio.pl\/wp-content\/uploads\/2025\/02\/Skwer-liberator-8-225x300.jpg\" class=\"attachment-medium size-medium wp-image-2094\" alt=\"\" srcset=\"https:\/\/docstudio.pl\/wp-content\/uploads\/2025\/02\/Skwer-liberator-8-225x300.jpg 225w, https:\/\/docstudio.pl\/wp-content\/uploads\/2025\/02\/Skwer-liberator-8-768x1024.jpg 768w, https:\/\/docstudio.pl\/wp-content\/uploads\/2025\/02\/Skwer-liberator-8-1152x1536.jpg 1152w, https:\/\/docstudio.pl\/wp-content\/uploads\/2025\/02\/Skwer-liberator-8.jpg 1536w\" sizes=\"(max-width: 225px) 100vw, 225px\" \/><\/div><\/a>\n\t\t\t\t<div class=\"elementor-post__badge\">Inne<\/div>\n\t\t\t\t<div class=\"elementor-post__text\">\n\t\t\t\t<h3 class=\"elementor-post__title\">\n\t\t\t<a href=\"https:\/\/docstudio.pl\/en\/produkcje\/skwer-liberator\/\" >\n\t\t\t\tSKWER LIBERATOR\t\t\t<\/a>\n\t\t<\/h3>\n\t\t\t\t<div class=\"elementor-post__excerpt\">\n\t\t\t<p>\u00a0 \u00a0 \u00a0 \u00a0 \u00a0 \u00a0 \u00a0 \u00a0 \u00a0 \u00a0 \u00a0 \u00a0 \u00a0 \u00a0 \u00a0 \u00a0 \u00a0 \u00a0 \u00a0 \u00a0 \u00a0 \u00a0 Zofia W\u00f3jciak: U nas<\/p>\n\t\t<\/div>\n\t\t\n\t\t<a class=\"elementor-post__read-more\" href=\"https:\/\/docstudio.pl\/en\/produkcje\/skwer-liberator\/\" aria-label=\"Read more about SKWER LIBERATOR\" tabindex=\"-1\" >\n\t\t\tCzytaj wi\u0119cej \u00bb\t\t<\/a>\n\n\t\t\t\t<\/div>\n\t\t\t\t<div class=\"elementor-post__meta-data\">\n\t\t\t\t\t<span class=\"elementor-post-date\">\n\t\t\tMarch 29, 2026\t\t<\/span>\n\t\t\t\t<\/div>\n\t\t\t\t\t<\/div>\n\t\t<\/article>\n\t\t\t\t<article class=\"elementor-post elementor-grid-item post-3133 post type-post status-publish format-standard has-post-thumbnail hentry category-inne category-produkcje\" role=\"listitem\">\n\t\t\t<div class=\"elementor-post__card\">\n\t\t\t\t<a class=\"elementor-post__thumbnail__link\" href=\"https:\/\/docstudio.pl\/en\/produkcje\/rekonstrukcja-lotu-californi-rocket\/\" tabindex=\"-1\" ><div class=\"elementor-post__thumbnail\"><img loading=\"lazy\" decoding=\"async\" width=\"300\" height=\"200\" src=\"https:\/\/docstudio.pl\/wp-content\/uploads\/2025\/02\/Rekonstrukcja-Lotu-kamera-300x200.jpg\" class=\"attachment-medium size-medium wp-image-1884\" alt=\"\" srcset=\"https:\/\/docstudio.pl\/wp-content\/uploads\/2025\/02\/Rekonstrukcja-Lotu-kamera-300x200.jpg 300w, https:\/\/docstudio.pl\/wp-content\/uploads\/2025\/02\/Rekonstrukcja-Lotu-kamera-1024x683.jpg 1024w, https:\/\/docstudio.pl\/wp-content\/uploads\/2025\/02\/Rekonstrukcja-Lotu-kamera-768x512.jpg 768w, https:\/\/docstudio.pl\/wp-content\/uploads\/2025\/02\/Rekonstrukcja-Lotu-kamera-1536x1024.jpg 1536w, https:\/\/docstudio.pl\/wp-content\/uploads\/2025\/02\/Rekonstrukcja-Lotu-kamera-2048x1365.jpg 2048w\" sizes=\"(max-width: 300px) 100vw, 300px\" \/><\/div><\/a>\n\t\t\t\t<div class=\"elementor-post__badge\">Inne<\/div>\n\t\t\t\t<div class=\"elementor-post__text\">\n\t\t\t\t<h3 class=\"elementor-post__title\">\n\t\t\t<a href=\"https:\/\/docstudio.pl\/en\/produkcje\/rekonstrukcja-lotu-californi-rocket\/\" >\n\t\t\t\tRekonstrukcja lotu Californi Rocket\t\t\t<\/a>\n\t\t<\/h3>\n\t\t\t\t<div class=\"elementor-post__excerpt\">\n\t\t\t<p>REKONSTROKCJA LOTU LIBERATORA CALIFORNIA ROCKET 1 pa\u017adziernika 2024, w ramach prac nad filmem dokumentalnym LIBERATOR W OCHOTNICY,\u00a0 zrealizowali\u015bmy rekonstrukc\u0119 lotu Liberatora B-24 o imieniu w\u0142asnym California<\/p>\n\t\t<\/div>\n\t\t\n\t\t<a class=\"elementor-post__read-more\" href=\"https:\/\/docstudio.pl\/en\/produkcje\/rekonstrukcja-lotu-californi-rocket\/\" aria-label=\"Read more about Rekonstrukcja lotu Californi Rocket\" tabindex=\"-1\" >\n\t\t\tCzytaj wi\u0119cej \u00bb\t\t<\/a>\n\n\t\t\t\t<\/div>\n\t\t\t\t<div class=\"elementor-post__meta-data\">\n\t\t\t\t\t<span class=\"elementor-post-date\">\n\t\t\tMarch 29, 2026\t\t<\/span>\n\t\t\t\t<\/div>\n\t\t\t\t\t<\/div>\n\t\t<\/article>\n\t\t\t\t<article class=\"elementor-post elementor-grid-item post-2883 post type-post status-publish format-standard has-post-thumbnail hentry category-film-dokumentalny category-produkcje\" role=\"listitem\">\n\t\t\t<div class=\"elementor-post__card\">\n\t\t\t\t<a class=\"elementor-post__thumbnail__link\" href=\"https:\/\/docstudio.pl\/en\/produkcje\/redyk-karpacki\/\" tabindex=\"-1\" ><div class=\"elementor-post__thumbnail\"><img loading=\"lazy\" decoding=\"async\" width=\"300\" height=\"167\" src=\"https:\/\/docstudio.pl\/wp-content\/uploads\/2026\/03\/Redyk-Kompr-300x167.jpg\" class=\"attachment-medium size-medium wp-image-2884\" alt=\"\" srcset=\"https:\/\/docstudio.pl\/wp-content\/uploads\/2026\/03\/Redyk-Kompr-300x167.jpg 300w, https:\/\/docstudio.pl\/wp-content\/uploads\/2026\/03\/Redyk-Kompr-1024x569.jpg 1024w, https:\/\/docstudio.pl\/wp-content\/uploads\/2026\/03\/Redyk-Kompr-768x427.jpg 768w, https:\/\/docstudio.pl\/wp-content\/uploads\/2026\/03\/Redyk-Kompr-1536x854.jpg 1536w, https:\/\/docstudio.pl\/wp-content\/uploads\/2026\/03\/Redyk-Kompr-2048x1139.jpg 2048w, https:\/\/docstudio.pl\/wp-content\/uploads\/2026\/03\/Redyk-Kompr-18x10.jpg 18w\" sizes=\"(max-width: 300px) 100vw, 300px\" \/><\/div><\/a>\n\t\t\t\t<div class=\"elementor-post__badge\">Film dokumentalny<\/div>\n\t\t\t\t<div class=\"elementor-post__text\">\n\t\t\t\t<h3 class=\"elementor-post__title\">\n\t\t\t<a href=\"https:\/\/docstudio.pl\/en\/produkcje\/redyk-karpacki\/\" >\n\t\t\t\tRedyk Karpacki\t\t\t<\/a>\n\t\t<\/h3>\n\t\t\t\t<div class=\"elementor-post__excerpt\">\n\t\t\t<p>Redyk Karpacki &nbsp; Tytu\u0142: Redyk Karpacki&nbsp;Czas: 25 minBohater: Piotr Kohut, J\u00f3zef Micha\u0142ekRealizacja: Wojciech Jachymiak Zdj\u0119cia: Wojciech Jachymiak Kraj i rok produkcji: Polska 2013Producent: Wojciech JachymiakProgram filmowy:<\/p>\n\t\t<\/div>\n\t\t\n\t\t<a class=\"elementor-post__read-more\" href=\"https:\/\/docstudio.pl\/en\/produkcje\/redyk-karpacki\/\" aria-label=\"Read more about Redyk Karpacki\" tabindex=\"-1\" >\n\t\t\tCzytaj wi\u0119cej \u00bb\t\t<\/a>\n\n\t\t\t\t<\/div>\n\t\t\t\t<div class=\"elementor-post__meta-data\">\n\t\t\t\t\t<span class=\"elementor-post-date\">\n\t\t\tMarch 26, 2026\t\t<\/span>\n\t\t\t\t<\/div>\n\t\t\t\t\t<\/div>\n\t\t<\/article>\n\t\t\t\t<article class=\"elementor-post elementor-grid-item post-2484 post type-post status-publish format-standard has-post-thumbnail hentry category-fundacja category-oferta\" role=\"listitem\">\n\t\t\t<div class=\"elementor-post__card\">\n\t\t\t\t<a class=\"elementor-post__thumbnail__link\" href=\"https:\/\/docstudio.pl\/en\/oferta\/kino-objazdowe-z-liberatorem\/\" tabindex=\"-1\" ><div class=\"elementor-post__thumbnail\"><img loading=\"lazy\" decoding=\"async\" width=\"300\" height=\"200\" src=\"https:\/\/docstudio.pl\/wp-content\/uploads\/2025\/02\/DSC_7370-300x200.jpg\" class=\"attachment-medium size-medium wp-image-2231\" alt=\"\" srcset=\"https:\/\/docstudio.pl\/wp-content\/uploads\/2025\/02\/DSC_7370-300x200.jpg 300w, https:\/\/docstudio.pl\/wp-content\/uploads\/2025\/02\/DSC_7370-1024x683.jpg 1024w, https:\/\/docstudio.pl\/wp-content\/uploads\/2025\/02\/DSC_7370-768x512.jpg 768w, https:\/\/docstudio.pl\/wp-content\/uploads\/2025\/02\/DSC_7370-1536x1024.jpg 1536w, https:\/\/docstudio.pl\/wp-content\/uploads\/2025\/02\/DSC_7370-2048x1365.jpg 2048w\" sizes=\"(max-width: 300px) 100vw, 300px\" \/><\/div><\/a>\n\t\t\t\t<div class=\"elementor-post__badge\">Fundacja<\/div>\n\t\t\t\t<div class=\"elementor-post__text\">\n\t\t\t\t<h3 class=\"elementor-post__title\">\n\t\t\t<a href=\"https:\/\/docstudio.pl\/en\/oferta\/kino-objazdowe-z-liberatorem\/\" >\n\t\t\t\tKINO OBJAZDOWE Z LIBERATOREM\t\t\t<\/a>\n\t\t<\/h3>\n\t\t\t\t<div class=\"elementor-post__excerpt\">\n\t\t\t<p>&nbsp; &nbsp; &nbsp; &nbsp; KINO OBJAZDOWE Z LIBERATOREM Strona g\u0142\u00f3wna filmu LIBERATOR W OCHOTNICY Strona G\u0142\u00f3wna BOMBOWA ZA\u0141OGA LIBERATORA &nbsp; &nbsp; &nbsp; &nbsp;&nbsp; &nbsp; &nbsp; &nbsp;<\/p>\n\t\t<\/div>\n\t\t\n\t\t<a class=\"elementor-post__read-more\" href=\"https:\/\/docstudio.pl\/en\/oferta\/kino-objazdowe-z-liberatorem\/\" aria-label=\"Read more about KINO OBJAZDOWE Z LIBERATOREM\" tabindex=\"-1\" >\n\t\t\tCzytaj wi\u0119cej \u00bb\t\t<\/a>\n\n\t\t\t\t<\/div>\n\t\t\t\t<div class=\"elementor-post__meta-data\">\n\t\t\t\t\t<span class=\"elementor-post-date\">\n\t\t\tMarch 20, 2026\t\t<\/span>\n\t\t\t\t<\/div>\n\t\t\t\t\t<\/div>\n\t\t<\/article>\n\t\t\t\t<\/div>\n\t\t\n\t\t\t\t\t\t<\/div>\n\t\t\t\t<\/div>\n\t\t\t\t\t<\/div>\n\t\t\t\t<\/div>\n\t\t\t\t<\/div>","protected":false},"excerpt":{"rendered":"<p>Studio filmowe Uniwersytet Cz\u0142owieka Studio filmowe Uniwersytet Cz\u0142owieka powsta\u0142o w 2006 roku i zajmuje si\u0119 produkcja filmow\u0105. Zdj\u0119cia do naszych film\u00f3w realizowali\u015bmy praktycznie na ca\u0142ym \u015bwiecie, m.in. w USA, Mo\u0142dawii, Kenii, Tanzanii, Egipcie, Malawi, Gruzji, Rosji, Ukrainie, Izraelu, Strefie Gazy. Nasze filmy by\u0142y emitowanie m.in. w TVP1, TVP2, TVP Dokument, Canale Plus. Przy dofinansowaniu Polskiego [&hellip;]<\/p>\n","protected":false},"author":1,"featured_media":0,"parent":0,"menu_order":0,"comment_status":"closed","ping_status":"closed","template":"elementor_header_footer","meta":{"footnotes":""},"class_list":["post-11","page","type-page","status-publish","hentry"],"_links":{"self":[{"href":"https:\/\/docstudio.pl\/en\/wp-json\/wp\/v2\/pages\/11","targetHints":{"allow":["GET"]}}],"collection":[{"href":"https:\/\/docstudio.pl\/en\/wp-json\/wp\/v2\/pages"}],"about":[{"href":"https:\/\/docstudio.pl\/en\/wp-json\/wp\/v2\/types\/page"}],"author":[{"embeddable":true,"href":"https:\/\/docstudio.pl\/en\/wp-json\/wp\/v2\/users\/1"}],"replies":[{"embeddable":true,"href":"https:\/\/docstudio.pl\/en\/wp-json\/wp\/v2\/comments?post=11"}],"version-history":[{"count":22,"href":"https:\/\/docstudio.pl\/en\/wp-json\/wp\/v2\/pages\/11\/revisions"}],"predecessor-version":[{"id":2335,"href":"https:\/\/docstudio.pl\/en\/wp-json\/wp\/v2\/pages\/11\/revisions\/2335"}],"wp:attachment":[{"href":"https:\/\/docstudio.pl\/en\/wp-json\/wp\/v2\/media?parent=11"}],"curies":[{"name":"wp","href":"https:\/\/api.w.org\/{rel}","templated":true}]}}